{"id":2219,"date":"2025-03-11T10:55:40","date_gmt":"2025-03-11T10:55:40","guid":{"rendered":"https:\/\/claudiob92.sg-host.com\/?page_id=2219"},"modified":"2025-03-19T09:32:15","modified_gmt":"2025-03-19T08:32:15","slug":"impressum","status":"publish","type":"page","link":"https:\/\/friedenstab.de\/de_de\/impressum\/","title":{"rendered":"Impressum"},"content":{"rendered":"\t\t<div data-elementor-type=\"wp-page\" data-elementor-id=\"2219\" class=\"elementor elementor-2219\" data-elementor-post-type=\"page\">\n\t\t\t\t<div class=\"elementor-element elementor-element-c6838fa e-flex e-con-boxed e-con e-parent\" data-id=\"c6838fa\" data-element_type=\"container\" data-settings=\"{&quot;background_background&quot;:&quot;classic&quot;}\">\n\t\t\t\t\t<div class=\"e-con-inner\">\n\t\t\t\t<div class=\"elementor-element elementor-element-71ff13f elementor-widget elementor-widget-heading\" data-id=\"71ff13f\" data-element_type=\"widget\" data-widget_type=\"heading.default\">\n\t\t\t\t<div class=\"elementor-widget-container\">\n\t\t\t\t\t<h2 class=\"elementor-heading-title elementor-size-default\">Impressum<\/h2>\t\t\t\t<\/div>\n\t\t\t\t<\/div>\n\t\t\t\t<div class=\"elementor-element elementor-element-458e914 elementor-widget elementor-widget-heading\" data-id=\"458e914\" data-element_type=\"widget\" data-widget_type=\"heading.default\">\n\t\t\t\t<div class=\"elementor-widget-container\">\n\t\t\t\t\t<h2 class=\"elementor-heading-title elementor-size-default\">Friedenstab Kunststofftechnik GmbH<\/h2>\t\t\t\t<\/div>\n\t\t\t\t<\/div>\n\t\t\t\t<div class=\"elementor-element elementor-element-489f984 elementor-widget elementor-widget-text-editor\" data-id=\"489f984\" data-element_type=\"widget\" data-widget_type=\"text-editor.default\">\n\t\t\t\t<div class=\"elementor-widget-container\">\n\t\t\t\t\t\t\t\t\t<p>Am Bahnhof 8-12<br \/>96472 R\u00f6dental<\/p><p>Deutschland<\/p><p>Handelsregister: HRB 862<br \/>Registergericht: Amtsgericht Coburg<\/p><p><strong>Vertreten durch:<\/strong><br \/>Christian Friedenstab (Gesch\u00e4ftsf\u00fchrender Gesellschaftler)<br \/>Christiane R\u00e4dlein (Prokuristin)<\/p><p><strong>Kontakt<\/strong><\/p><p>Telefon: +49 9563 2066<br \/>E-Mail: info@friedenstab.de<\/p><p><strong>Umsatzsteuer-ID<\/strong><br \/>Umsatzsteuer-Identifikationsnummer gem\u00e4\u00df \u00a7 27 a Umsatzsteuergesetz:<br \/>DE247643851<\/p><p>Verbraucherstreitbeilegung\/<strong>Universalschlichtungsstelle<\/strong><br \/>Wir sind nicht bereit oder verpflichtet, an Streitbeilegungsverfahren vor einer Verbraucherschlichtungsstelle teilzunehmen.<\/p><p><strong>Zentrale Kontaktstelle nach dem Digital Services Act &#8211; DSA<\/strong><br \/>(Verordnung (EU) 2022\/265)<br \/>Unsere zentrale Kontaktstelle f\u00fcr Nutzer und Beh\u00f6rden nach Art. 11, 12 DSA erreichen Sie wie folgt:<br \/>E-Mail: info@friedenstab.de<br \/>Telefon: +49 9563 2066<br \/>Die f\u00fcr den Kontakt zur Verf\u00fcgung stehenden Sprachen sind: Deutsch, Englisch.<\/p>\t\t\t\t\t\t\t\t<\/div>\n\t\t\t\t<\/div>\n\t\t\t\t\t<\/div>\n\t\t\t\t<\/div>\n\t\t<div class=\"elementor-element elementor-element-aae9d9e e-flex e-con-boxed e-con e-parent\" data-id=\"aae9d9e\" data-element_type=\"container\" data-settings=\"{&quot;background_background&quot;:&quot;gradient&quot;}\">\n\t\t\t\t\t<div class=\"e-con-inner\">\n\t\t\t\t\t<\/div>\n\t\t\t\t<\/div>\n\t\t<div class=\"elementor-element elementor-element-54a19dd4 elementor-hidden-mobile e-flex e-con-boxed e-con e-parent\" data-id=\"54a19dd4\" data-element_type=\"container\" data-settings=\"{&quot;background_background&quot;:&quot;classic&quot;}\">\n\t\t\t\t\t<div class=\"e-con-inner\">\n\t\t\t\t\t<\/div>\n\t\t\t\t<\/div>\n\t\t\t\t<\/div>\n\t\t","protected":false},"excerpt":{"rendered":"<p>Impressum Friedenstab Kunststofftechnik GmbH Am Bahnhof 8-1296472 R\u00f6dental Deutschland Handelsregister: HRB 862Registergericht: Amtsgericht Coburg Vertreten durch:Christian Friedenstab (Gesch\u00e4ftsf\u00fchrender Gesellschaftler)Christiane R\u00e4dlein (Prokuristin) Kontakt Telefon: +49 9563 2066E-Mail: info@friedenstab.de Umsatzsteuer-IDUmsatzsteuer-Identifikationsnummer gem\u00e4\u00df \u00a7 27 a Umsatzsteuergesetz:DE247643851 Verbraucherstreitbeilegung\/UniversalschlichtungsstelleWir sind nicht bereit oder verpflichtet, an Streitbeilegungsverfahren vor einer Verbraucherschlichtungsstelle teilzunehmen. Zentrale Kontaktstelle nach dem Digital Services Act &#8211; DSA(Verordnung (EU) [&hellip;]<\/p>\n","protected":false},"author":3,"featured_media":920,"parent":0,"menu_order":0,"comment_status":"closed","ping_status":"closed","template":"","meta":{"_acf_changed":false,"footnotes":""},"class_list":["post-2219","page","type-page","status-publish","has-post-thumbnail","hentry"],"acf":[],"_links":{"self":[{"href":"https:\/\/friedenstab.de\/de_de\/wp-json\/wp\/v2\/pages\/2219","targetHints":{"allow":["GET"]}}],"collection":[{"href":"https:\/\/friedenstab.de\/de_de\/wp-json\/wp\/v2\/pages"}],"about":[{"href":"https:\/\/friedenstab.de\/de_de\/wp-json\/wp\/v2\/types\/page"}],"author":[{"embeddable":true,"href":"https:\/\/friedenstab.de\/de_de\/wp-json\/wp\/v2\/users\/3"}],"replies":[{"embeddable":true,"href":"https:\/\/friedenstab.de\/de_de\/wp-json\/wp\/v2\/comments?post=2219"}],"version-history":[{"count":19,"href":"https:\/\/friedenstab.de\/de_de\/wp-json\/wp\/v2\/pages\/2219\/revisions"}],"predecessor-version":[{"id":4496,"href":"https:\/\/friedenstab.de\/de_de\/wp-json\/wp\/v2\/pages\/2219\/revisions\/4496"}],"wp:featuredmedia":[{"embeddable":true,"href":"https:\/\/friedenstab.de\/de_de\/wp-json\/wp\/v2\/media\/920"}],"wp:attachment":[{"href":"https:\/\/friedenstab.de\/de_de\/wp-json\/wp\/v2\/media?parent=2219"}],"curies":[{"name":"wp","href":"https:\/\/api.w.org\/{rel}","templated":true}]}}