{"id":5778,"date":"2025-06-27T11:48:31","date_gmt":"2025-06-27T09:48:31","guid":{"rendered":"https:\/\/friedenstab.de\/?page_id=5778"},"modified":"2025-07-02T17:22:26","modified_gmt":"2025-07-02T15:22:26","slug":"bewerbung-logistik-gebaude","status":"publish","type":"page","link":"https:\/\/friedenstab.de\/de_de\/bewerbung-logistik-gebaude\/","title":{"rendered":"Bewerbung Logistik \/ Geb\u00e4udeinstandhaltung (m\/w\/d)"},"content":{"rendered":"\t\t<div data-elementor-type=\"wp-page\" data-elementor-id=\"5778\" class=\"elementor elementor-5778\" data-elementor-post-type=\"page\">\n\t\t\t\t<div class=\"elementor-element elementor-element-32cf210 e-flex e-con-boxed e-con e-parent\" data-id=\"32cf210\" data-element_type=\"container\" data-settings=\"{&quot;background_background&quot;:&quot;classic&quot;}\">\n\t\t\t\t\t<div class=\"e-con-inner\">\n\t\t<div class=\"elementor-element elementor-element-b39c698 e-con-full e-flex e-con e-child\" data-id=\"b39c698\" data-element_type=\"container\" data-settings=\"{&quot;background_background&quot;:&quot;classic&quot;}\">\n\t\t<div class=\"elementor-element elementor-element-b85336f e-con-full e-flex e-con e-child\" data-id=\"b85336f\" data-element_type=\"container\" data-settings=\"{&quot;background_background&quot;:&quot;classic&quot;}\">\n\t\t\t\t<div class=\"elementor-element elementor-element-223eacb elementor-widget elementor-widget-heading\" data-id=\"223eacb\" data-element_type=\"widget\" data-widget_type=\"heading.default\">\n\t\t\t\t<div class=\"elementor-widget-container\">\n\t\t\t\t\t<div class=\"elementor-heading-title elementor-size-default\">WIR FREUEN UNS AUF DEINE BEWERBUNG!\n\nEs k\u00f6nnen mehrere K\u00e4stchen ausgew\u00e4hlt werden.<\/div>\t\t\t\t<\/div>\n\t\t\t\t<\/div>\n\t\t\t\t<div class=\"elementor-element elementor-element-f7ab52d elementor-button-align-center elementor-widget elementor-widget-form\" data-id=\"f7ab52d\" data-element_type=\"widget\" data-settings=\"{&quot;step_next_label&quot;:&quot;Next&quot;,&quot;step_previous_label&quot;:&quot;Previous&quot;,&quot;button_width&quot;:&quot;100&quot;,&quot;step_type&quot;:&quot;number_text&quot;,&quot;step_icon_shape&quot;:&quot;circle&quot;}\" data-widget_type=\"form.default\">\n\t\t\t\t<div class=\"elementor-widget-container\">\n\t\t\t\t\t\t\t<form class=\"elementor-form\" method=\"post\" name=\"Anfrage\">\n\t\t\t<input type=\"hidden\" name=\"post_id\" value=\"5778\"\/>\n\t\t\t<input type=\"hidden\" name=\"form_id\" value=\"f7ab52d\"\/>\n\t\t\t<input type=\"hidden\" name=\"referer_title\" value=\"\" \/>\n\n\t\t\t\n\t\t\t<div class=\"elementor-form-fields-wrapper elementor-labels-above\">\n\t\t\t\t\t\t\t\t<div class=\"elementor-field-type-text elementor-field-group elementor-column elementor-field-group-vorname elementor-col-50 elementor-field-required\">\n\t\t\t\t\t\t\t\t\t\t\t\t\t<input size=\"1\" type=\"text\" name=\"form_fields[vorname]\" id=\"form-field-vorname\" class=\"elementor-field elementor-size-sm  elementor-field-textual\" placeholder=\"Vorname\" required=\"required\">\n\t\t\t\t\t\t\t\t\t\t\t<\/div>\n\t\t\t\t\t\t\t\t<div class=\"elementor-field-type-text elementor-field-group elementor-column elementor-field-group-nachname elementor-col-50 elementor-field-required\">\n\t\t\t\t\t\t\t\t\t\t\t\t\t<input size=\"1\" type=\"text\" name=\"form_fields[nachname]\" id=\"form-field-nachname\" class=\"elementor-field elementor-size-sm  elementor-field-textual\" placeholder=\"Nachname\" required=\"required\">\n\t\t\t\t\t\t\t\t\t\t\t<\/div>\n\t\t\t\t\t\t\t\t<div class=\"elementor-field-type-email elementor-field-group elementor-column elementor-field-group-email elementor-col-100 elementor-field-required\">\n\t\t\t\t\t\t\t\t\t\t\t\t\t<input size=\"1\" type=\"email\" name=\"form_fields[email]\" id=\"form-field-email\" class=\"elementor-field elementor-size-sm  elementor-field-textual\" placeholder=\"E-Mail\" required=\"required\">\n\t\t\t\t\t\t\t\t\t\t\t<\/div>\n\t\t\t\t\t\t\t\t<div class=\"elementor-field-type-text elementor-field-group elementor-column elementor-field-group-field_3419c69 elementor-col-100\">\n\t\t\t\t\t\t\t\t\t\t\t\t\t<input size=\"1\" type=\"text\" name=\"form_fields[field_3419c69]\" id=\"form-field-field_3419c69\" class=\"elementor-field elementor-size-sm  elementor-field-textual\" placeholder=\"Telefonnummer\">\n\t\t\t\t\t\t\t\t\t\t\t<\/div>\n\t\t\t\t\t\t\t\t<div class=\"elementor-field-type-textarea elementor-field-group elementor-column elementor-field-group-message elementor-col-100\">\n\t\t\t\t\t<textarea class=\"elementor-field-textual elementor-field  elementor-size-sm\" name=\"form_fields[message]\" id=\"form-field-message\" rows=\"6\" placeholder=\"Nachricht\"><\/textarea>\t\t\t\t<\/div>\n\t\t\t\t\t\t\t\t<div class=\"elementor-field-type-checkbox elementor-field-group elementor-column elementor-field-group-field_f7595b4 elementor-col-100\">\n\t\t\t\t\t\t\t\t\t\t\t\t<label for=\"form-field-field_f7595b4\" class=\"elementor-field-label\">\n\t\t\t\t\t\t\t\tHast du Erfahrungen im Bereich Logistik?\t\t\t\t\t\t\t<\/label>\n\t\t\t\t\t\t<div class=\"elementor-field-subgroup  \"><span class=\"elementor-field-option\"><input type=\"checkbox\" value=\"abgeschlossene Berufsausbildung\" id=\"form-field-field_f7595b4-0\" name=\"form_fields[field_f7595b4][]\"> <label for=\"form-field-field_f7595b4-0\">abgeschlossene Berufsausbildung<\/label><\/span><span class=\"elementor-field-option\"><input type=\"checkbox\" value=\"Wissen \u00fcber langj\u00e4hrige Berufserfahrung gesammelt\" id=\"form-field-field_f7595b4-1\" name=\"form_fields[field_f7595b4][]\"> <label for=\"form-field-field_f7595b4-1\">Wissen \u00fcber langj\u00e4hrige Berufserfahrung gesammelt<\/label><\/span><span class=\"elementor-field-option\"><input type=\"checkbox\" value=\"ich bin schon mal damit in Ber\u00fchung gekommen, war aber nicht meine Hauptaufgabe\" id=\"form-field-field_f7595b4-2\" name=\"form_fields[field_f7595b4][]\"> <label for=\"form-field-field_f7595b4-2\">ich bin schon mal damit in Ber\u00fchung gekommen, war aber nicht meine Hauptaufgabe<\/label><\/span><span class=\"elementor-field-option\"><input type=\"checkbox\" value=\"bisher keine Erfahung\" id=\"form-field-field_f7595b4-3\" name=\"form_fields[field_f7595b4][]\"> <label for=\"form-field-field_f7595b4-3\">bisher keine Erfahung<\/label><\/span><\/div>\t\t\t\t<\/div>\n\t\t\t\t\t\t\t\t<div class=\"elementor-field-type-checkbox elementor-field-group elementor-column elementor-field-group-field_ae9617d elementor-col-100\">\n\t\t\t\t\t\t\t\t\t\t\t\t<label for=\"form-field-field_ae9617d\" class=\"elementor-field-label\">\n\t\t\t\t\t\t\t\tHast du einen Spatlerschein?\t\t\t\t\t\t\t<\/label>\n\t\t\t\t\t\t<div class=\"elementor-field-subgroup  \"><span class=\"elementor-field-option\"><input type=\"checkbox\" value=\"ja, ich fahre schon viele Jahre\" id=\"form-field-field_ae9617d-0\" name=\"form_fields[field_ae9617d][]\"> <label for=\"form-field-field_ae9617d-0\">ja, ich fahre schon viele Jahre<\/label><\/span><span class=\"elementor-field-option\"><input type=\"checkbox\" value=\"gerade gemacht\" id=\"form-field-field_ae9617d-1\" name=\"form_fields[field_ae9617d][]\"> <label for=\"form-field-field_ae9617d-1\">gerade gemacht<\/label><\/span><span class=\"elementor-field-option\"><input type=\"checkbox\" value=\"nein bisher nicht\" id=\"form-field-field_ae9617d-2\" name=\"form_fields[field_ae9617d][]\"> <label for=\"form-field-field_ae9617d-2\">nein bisher nicht<\/label><\/span><\/div>\t\t\t\t<\/div>\n\t\t\t\t\t\t\t\t<div class=\"elementor-field-type-checkbox elementor-field-group elementor-column elementor-field-group-field_b012c71 elementor-col-100\">\n\t\t\t\t\t\t\t\t\t\t\t\t<label for=\"form-field-field_b012c71\" class=\"elementor-field-label\">\n\t\t\t\t\t\t\t\tHast du Erfahrungen im Bereich Instandhaltung Geb\u00e4ude \/ Au\u00dfenanlagen?\t\t\t\t\t\t\t<\/label>\n\t\t\t\t\t\t<div class=\"elementor-field-subgroup  \"><span class=\"elementor-field-option\"><input type=\"checkbox\" value=\"ja, das hat zu meinen t\u00e4glichen Aufgaben geh\u00f6rt\" id=\"form-field-field_b012c71-0\" name=\"form_fields[field_b012c71][]\"> <label for=\"form-field-field_b012c71-0\">ja, das hat zu meinen t\u00e4glichen Aufgaben geh\u00f6rt<\/label><\/span><span class=\"elementor-field-option\"><input type=\"checkbox\" value=\"hin und wieder war ich in diesem Bereich t\u00e4tig\" id=\"form-field-field_b012c71-1\" name=\"form_fields[field_b012c71][]\"> <label for=\"form-field-field_b012c71-1\">hin und wieder war ich in diesem Bereich t\u00e4tig<\/label><\/span><span class=\"elementor-field-option\"><input type=\"checkbox\" value=\"ich bin handwerklich sehr geschickt, zu Hause mache ich fast alles selber\" id=\"form-field-field_b012c71-2\" name=\"form_fields[field_b012c71][]\"> <label for=\"form-field-field_b012c71-2\">ich bin handwerklich sehr geschickt, zu Hause mache ich fast alles selber<\/label><\/span><span class=\"elementor-field-option\"><input type=\"checkbox\" value=\"ich bin handwerklich eher ungeschickt\" id=\"form-field-field_b012c71-3\" name=\"form_fields[field_b012c71][]\"> <label for=\"form-field-field_b012c71-3\">ich bin handwerklich eher ungeschickt<\/label><\/span><\/div>\t\t\t\t<\/div>\n\t\t\t\t\t\t\t\t<div class=\"elementor-field-type-checkbox elementor-field-group elementor-column elementor-field-group-field_c9bdd34 elementor-col-100\">\n\t\t\t\t\t\t\t\t\t\t\t\t<label for=\"form-field-field_c9bdd34\" class=\"elementor-field-label\">\n\t\t\t\t\t\t\t\tWie wichtig ist dir Ordnung und Sauberkeit im Arbeitsalltag?\t\t\t\t\t\t\t<\/label>\n\t\t\t\t\t\t<div class=\"elementor-field-subgroup  \"><span class=\"elementor-field-option\"><input type=\"checkbox\" value=\"ich mag es gerne strukturiert, ordentlich und sauber und f\u00fchre dies auch durch\" id=\"form-field-field_c9bdd34-0\" name=\"form_fields[field_c9bdd34][]\"> <label for=\"form-field-field_c9bdd34-0\">ich mag es gerne strukturiert, ordentlich und sauber und f\u00fchre dies auch durch<\/label><\/span><span class=\"elementor-field-option\"><input type=\"checkbox\" value=\"Ordnung und Sauberkeit ist gut, aber das sollten lieber andere machen\" id=\"form-field-field_c9bdd34-1\" name=\"form_fields[field_c9bdd34][]\"> <label for=\"form-field-field_c9bdd34-1\">Ordnung und Sauberkeit ist gut, aber das sollten lieber andere machen<\/label><\/span><span class=\"elementor-field-option\"><input type=\"checkbox\" value=\"mein Werkzeug darf gerne bis zum n\u00e4chsten Einsatz liegen bleiben\" id=\"form-field-field_c9bdd34-2\" name=\"form_fields[field_c9bdd34][]\"> <label for=\"form-field-field_c9bdd34-2\">mein Werkzeug darf gerne bis zum n\u00e4chsten Einsatz liegen bleiben<\/label><\/span><span class=\"elementor-field-option\"><input type=\"checkbox\" value=\"Ordnung? Sauberkeit?\" id=\"form-field-field_c9bdd34-3\" name=\"form_fields[field_c9bdd34][]\"> <label for=\"form-field-field_c9bdd34-3\">Ordnung? Sauberkeit?<\/label><\/span><\/div>\t\t\t\t<\/div>\n\t\t\t\t\t\t\t\t<div class=\"elementor-field-type-text elementor-field-group elementor-column elementor-field-group-field_0e29a8f elementor-col-100\">\n\t\t\t\t\t\t\t\t\t\t\t\t<label for=\"form-field-field_0e29a8f\" class=\"elementor-field-label\">\n\t\t\t\t\t\t\t\tSuper! Ab wann k\u00f6nntest du  grunds\u00e4tzlich bei uns starten?\t\t\t\t\t\t\t<\/label>\n\t\t\t\t\t\t\t\t\t\t\t\t\t\t<input size=\"1\" type=\"text\" name=\"form_fields[field_0e29a8f]\" id=\"form-field-field_0e29a8f\" class=\"elementor-field elementor-size-sm  elementor-field-textual\">\n\t\t\t\t\t\t\t\t\t\t\t<\/div>\n\t\t\t\t\t\t\t\t<div class=\"elementor-field-type-text elementor-field-group elementor-column elementor-field-group-field_85476ff elementor-col-100\">\n\t\t\t\t\t\t\t\t\t\t\t\t<label for=\"form-field-field_85476ff\" class=\"elementor-field-label\">\n\t\t\t\t\t\t\t\tWann bist du am besten zu erreichen?\t\t\t\t\t\t\t<\/label>\n\t\t\t\t\t\t\t\t\t\t\t\t\t\t<input size=\"1\" type=\"text\" name=\"form_fields[field_85476ff]\" id=\"form-field-field_85476ff\" class=\"elementor-field elementor-size-sm  elementor-field-textual\">\n\t\t\t\t\t\t\t\t\t\t\t<\/div>\n\t\t\t\t\t\t\t\t<div class=\"elementor-field-type-checkbox elementor-field-group elementor-column elementor-field-group-field_90a0ff1 elementor-col-100\">\n\t\t\t\t\t\t\t\t\t\t\t\t<label for=\"form-field-field_90a0ff1\" class=\"elementor-field-label\">\n\t\t\t\t\t\t\t\tD\u00fcrfen wir dich \u00fcber die angegebene Daten kontaktieren?\t\t\t\t\t\t\t<\/label>\n\t\t\t\t\t\t<div class=\"elementor-field-subgroup  \"><span class=\"elementor-field-option\"><input type=\"checkbox\" value=\"ja\" id=\"form-field-field_90a0ff1-0\" name=\"form_fields[field_90a0ff1][]\"> <label for=\"form-field-field_90a0ff1-0\">ja<\/label><\/span><span class=\"elementor-field-option\"><input type=\"checkbox\" value=\"nein\" id=\"form-field-field_90a0ff1-1\" name=\"form_fields[field_90a0ff1][]\"> <label for=\"form-field-field_90a0ff1-1\">nein<\/label><\/span><\/div>\t\t\t\t<\/div>\n\t\t\t\t\t\t\t\t<div class=\"elementor-field-group elementor-column elementor-field-type-submit elementor-col-100 e-form__buttons\">\n\t\t\t\t\t<button class=\"elementor-button elementor-size-sm\" type=\"submit\">\n\t\t\t\t\t\t<span class=\"elementor-button-content-wrapper\">\n\t\t\t\t\t\t\t\t\t\t\t\t\t\t\t\t\t\t\t\t\t\t<span class=\"elementor-button-text\">NACHRICHT ABSENDEN<\/span>\n\t\t\t\t\t\t\t\t\t\t\t\t\t<\/span>\n\t\t\t\t\t<\/button>\n\t\t\t\t<\/div>\n\t\t\t<\/div>\n\t\t<\/form>\n\t\t\t\t\t\t<\/div>\n\t\t\t\t<\/div>\n\t\t\t\t<div class=\"elementor-element elementor-element-c16c854 elementor-widget elementor-widget-heading\" data-id=\"c16c854\" data-element_type=\"widget\" data-widget_type=\"heading.default\">\n\t\t\t\t<div class=\"elementor-widget-container\">\n\t\t\t\t\t<div class=\"elementor-heading-title elementor-size-default\">Danke, dass du dir die Zeit genommen hast, den Fragebogen auszuf\u00fcllen!\nWir melden uns bald bei dir!<\/div>\t\t\t\t<\/div>\n\t\t\t\t<\/div>\n\t\t\t\t<\/div>\n\t\t\t\t<\/div>\n\t\t\t\t\t<\/div>\n\t\t\t\t<\/div>\n\t\t\t\t<\/div>\n\t\t","protected":false},"excerpt":{"rendered":"<p>WIR FREUEN UNS AUF DEINE BEWERBUNG! Es k\u00f6nnen mehrere K\u00e4stchen ausgew\u00e4hlt werden. Danke, dass du dir die Zeit genommen hast, den Fragebogen auszuf\u00fcllen! Wir melden uns bald bei dir!<\/p>\n","protected":false},"author":4,"featured_media":1580,"parent":0,"menu_order":0,"comment_status":"closed","ping_status":"closed","template":"","meta":{"_acf_changed":false,"footnotes":""},"class_list":["post-5778","page","type-page","status-publish","has-post-thumbnail","hentry"],"acf":[],"_links":{"self":[{"href":"https:\/\/friedenstab.de\/de_de\/wp-json\/wp\/v2\/pages\/5778","targetHints":{"allow":["GET"]}}],"collection":[{"href":"https:\/\/friedenstab.de\/de_de\/wp-json\/wp\/v2\/pages"}],"about":[{"href":"https:\/\/friedenstab.de\/de_de\/wp-json\/wp\/v2\/types\/page"}],"author":[{"embeddable":true,"href":"https:\/\/friedenstab.de\/de_de\/wp-json\/wp\/v2\/users\/4"}],"replies":[{"embeddable":true,"href":"https:\/\/friedenstab.de\/de_de\/wp-json\/wp\/v2\/comments?post=5778"}],"version-history":[{"count":59,"href":"https:\/\/friedenstab.de\/de_de\/wp-json\/wp\/v2\/pages\/5778\/revisions"}],"predecessor-version":[{"id":5840,"href":"https:\/\/friedenstab.de\/de_de\/wp-json\/wp\/v2\/pages\/5778\/revisions\/5840"}],"wp:featuredmedia":[{"embeddable":true,"href":"https:\/\/friedenstab.de\/de_de\/wp-json\/wp\/v2\/media\/1580"}],"wp:attachment":[{"href":"https:\/\/friedenstab.de\/de_de\/wp-json\/wp\/v2\/media?parent=5778"}],"curies":[{"name":"wp","href":"https:\/\/api.w.org\/{rel}","templated":true}]}}